{"id":111,"date":"2021-09-10T10:08:28","date_gmt":"2021-09-10T08:08:28","guid":{"rendered":"https:\/\/kwdf.info\/?page_id=111"},"modified":"2021-09-19T11:13:38","modified_gmt":"2021-09-19T09:13:38","slug":"heimspiel","status":"publish","type":"page","link":"https:\/\/www.fcstpauli-museum.de\/kwdfi\/heimspiel\/","title":{"rendered":"Heimspiel-Weinbar"},"content":{"rendered":"<!--themify_builder_content-->\n<div id=\"themify_builder_content-111\" data-postid=\"111\" class=\"themify_builder_content themify_builder_content-111 themify_builder tf_clear\">\n                    <div  data-lazy=\"1\" class=\"module_row themify_builder_row tb_dz1h905 tb_first tf_w\">\n                        <div class=\"row_inner col_align_top tb_col_count_1 tf_box tf_rel\">\n                        <div  data-lazy=\"1\" class=\"module_column tb-column col-full tb_utzq907 first\">\n                    <!-- module image -->\n<div  class=\"module module-image tb_ze2i908 image-top   auto_fullwidth tf_mw\" data-lazy=\"1\" data-lax-translate-y=\"(vh*1) 0,(vh*0) -70\" data-lax=\"true\">\n        <div class=\"image-wrap tf_rel tf_mw\">\n            <img loading=\"lazy\" decoding=\"async\" src=\"https:\/\/www.fcstpauli-museum.de\/kwdf\/wp-content\/uploads\/sites\/22\/2021\/06\/Photo-05.06.21-16-14-47-scaled.jpg\" width=\"1160\" height=\"588\" title=\"Heimspiel-Weinbar\" alt=\"Heimspiel-Weinbar\">    \n        <\/div>\n    <!-- \/image-wrap -->\n    \n        <\/div>\n<!-- \/module image -->        <\/div>\n                        <\/div>\n        <\/div>\n                        <div  data-lazy=\"1\" class=\"module_row themify_builder_row tb_zdcp906 tf_w\">\n                        <div class=\"row_inner col_align_top tb_col_count_2 tf_box tf_rel\">\n                        <div  data-lazy=\"1\" class=\"module_column tb-column col4-2 tb_rr83913 first\">\n                    <!-- module text -->\n<div  class=\"module module-text tb_cai0247  repeat \" data-lazy=\"1\">\n        <div  class=\"tb_text_wrap\">\n        <h2>Getr\u00e4nkeliste Wein &amp; Drinks &amp; Soft<\/h2>\n<p>Unsere Weine, offen oder als Flaschenwein, Aperol Spritz, Gin Tonic, Astra, Softdrinks &#8211; Ihr habt die Wahl!<\/p>    <\/div>\n<\/div>\n<!-- \/module text --><!-- module image -->\n<div  class=\"module module-image tb_43o8913 image-top   auto_fullwidth tf_mw\" data-lazy=\"1\" data-lax-translate-y=\"(vh*1) 0,(vh*0) -70\" data-lax=\"true\">\n        <div class=\"image-wrap tf_rel tf_mw\">\n            <a href=\"https:\/\/www.fcstpauli-museum.de\/kwdfi\/wp-content\/uploads\/sites\/24\/2021\/09\/weinbar-karte-spieltag-210919.jpg\" rel=\"noopener\" target=\"_blank\">\n                                   <span class=\"zoom\">\n                <svg  aria-label=\"Open\" class=\"tf_fa tf-ti-new-window\" role=\"img\"><use href=\"#tf-ti-new-window\"><\/use><\/svg>            <\/span>\n                    <img loading=\"lazy\" decoding=\"async\" src=\"https:\/\/www.fcstpauli-museum.de\/kwdfi\/wp-content\/uploads\/sites\/24\/2021\/09\/weinbar-karte-spieltag-210919-560x396.jpg\" width=\"560\" height=\"396\" class=\"wp-post-image wp-image-116\" title=\"weinbar-karte-spieltag-210919\" alt=\"Heimspiel-Weinbar Getr\u00e4nkekarte\">        <\/a>\n    \n        <\/div>\n    <!-- \/image-wrap -->\n    \n        <\/div>\n<!-- \/module image -->        <\/div>\n                    <div  data-lazy=\"1\" class=\"module_column tb-column col4-2 tb_6y8o914 last\">\n                    <!-- module text -->\n<div  class=\"module module-text tb_ryuj914  repeat \" data-lazy=\"1\">\n        <div  class=\"tb_text_wrap\">\n        <h2>Neue Website ist online!<\/h2>\n<p>Alle Infos zum Projekt, wo man unsere Weine trinken, Gl\u00e4ser und sonstigen Merch kaufen kann &#8211; und in Zukunft noch einiges mehr.\u00a0<\/p>    <\/div>\n<\/div>\n<!-- \/module text --><!-- module image -->\n<div  class=\"module module-image tb_ncsu975 image-top   tf_mw\" data-lazy=\"1\">\n        <div class=\"image-wrap tf_rel tf_mw\">\n            <a href=\"https:\/\/www.keinweindenfaschisten.de\" rel=\"noopener\" target=\"_blank\">\n                                   <span class=\"zoom\">\n                <svg  aria-label=\"Open\" class=\"tf_fa tf-ti-new-window\" role=\"img\"><use href=\"#tf-ti-new-window\"><\/use><\/svg>            <\/span>\n                    <img loading=\"lazy\" decoding=\"async\" width=\"1399\" height=\"1257\" src=\"https:\/\/www.fcstpauli-museum.de\/kwdfi\/wp-content\/uploads\/sites\/24\/2021\/06\/kwdf-website-vorschaubild.jpg\" class=\"wp-post-image wp-image-99\" title=\"kwdf-website-vorschaubild\" alt=\"Vorschau Startseite KWdF Website\" srcset=\"https:\/\/www.fcstpauli-museum.de\/kwdfi\/wp-content\/uploads\/sites\/24\/2021\/06\/kwdf-website-vorschaubild.jpg 1399w, https:\/\/www.fcstpauli-museum.de\/kwdfi\/wp-content\/uploads\/sites\/24\/2021\/06\/kwdf-website-vorschaubild-300x270.jpg 300w, https:\/\/www.fcstpauli-museum.de\/kwdfi\/wp-content\/uploads\/sites\/24\/2021\/06\/kwdf-website-vorschaubild-1024x920.jpg 1024w, https:\/\/www.fcstpauli-museum.de\/kwdfi\/wp-content\/uploads\/sites\/24\/2021\/06\/kwdf-website-vorschaubild-768x690.jpg 768w\" sizes=\"auto, (max-width: 1399px) 100vw, 1399px\" \/>        <\/a>\n    \n        <\/div>\n    <!-- \/image-wrap -->\n    \n        <\/div>\n<!-- \/module image -->        <\/div>\n                        <\/div>\n        <\/div>\n                        <div  data-lazy=\"1\" class=\"module_row themify_builder_row tb_2oqr527 tf_w\">\n                        <div class=\"row_inner col_align_top tb_col_count_2 tf_box tf_rel\">\n                        <div  data-lazy=\"1\" class=\"module_column tb-column col4-2 tb_rpoy530 first\">\n                    <!-- module text -->\n<div  class=\"module module-text tb_biri391   \" data-lazy=\"1\">\n        <div  class=\"tb_text_wrap\">\n        <h2>Unsere neuen KWdF-Standards!<\/h2>\n<p>Unser Standard-Portfolio besteht aus vier Weinen, die wir auch an Spieltagen und w\u00e4hrend der \u00d6ffnungszeiten des FC St. Pauli- Museums in unserer 1910-Weinbar ausschenken. Hinter jedem Wein mit KEIN WEIN DEN FASCHISTEN Etikett stehen Winzer und Winzerinnen mit Haltung, die unsere Werte teilen und mit ihrem Engagement ein Zeichen gegen Rassismus und Diskriminierung setzen wollen.\u00a0<\/p>\n<p>Komplett neu dabei sind Alexander Flick mit einer Cuv\u00e9e aus Wei\u00dfburgunder und Chardonnay &#8211; die sicherlich schnell ein Favorit in der Weinbar werden wird &#8211; und mit Bruno Boisson einen Winzer aus der Provence, der einen feinen, trockenen Ros\u00e9 beisteuert.\u00a0<\/p>\n<p>Au\u00dferdem dabei sind die \u00fcberzeugenden neue Jahrg\u00e4nge unseres bew\u00e4hrten Rieslings von Jakob Schneider und der Rotwein-Cuv\u00e9e von Jana Hauck.\u00a0<\/p>\n<p>\u00dcbrigens: noch haben wir Restbest\u00e4nde des Jahrgangs 2018 des Jakob-Schneider-Rieslings vorr\u00e4tig &#8211; die Chance, verschiedene Jahrg\u00e4nge eines sowohl frisch, als auch gereift tollen Rieslings zu probieren.\u00a0<\/p>    <\/div>\n<\/div>\n<!-- \/module text -->        <\/div>\n                    <div  data-lazy=\"1\" class=\"module_column tb-column col4-2 tb_ezxl916 last\">\n                    <!-- module image -->\n<div  class=\"module module-image tb_3uir559 image-top   tf_mw\" data-lazy=\"1\">\n        <div class=\"image-wrap tf_rel tf_mw\">\n            <a href=\"https:\/\/www.keinweindenfaschisten.de\/weine\/\">\n                   <img loading=\"lazy\" decoding=\"async\" width=\"2240\" height=\"2240\" src=\"https:\/\/www.fcstpauli-museum.de\/kwdfi\/wp-content\/uploads\/sites\/24\/2021\/06\/SAH_1164Q-1.jpg\" class=\"wp-post-image wp-image-102\" title=\"SAH_1164Q\" alt=\"Alle KWdF-Standards\" srcset=\"https:\/\/www.fcstpauli-museum.de\/kwdfi\/wp-content\/uploads\/sites\/24\/2021\/06\/SAH_1164Q-1.jpg 2240w, https:\/\/www.fcstpauli-museum.de\/kwdfi\/wp-content\/uploads\/sites\/24\/2021\/06\/SAH_1164Q-1-300x300.jpg 300w, https:\/\/www.fcstpauli-museum.de\/kwdfi\/wp-content\/uploads\/sites\/24\/2021\/06\/SAH_1164Q-1-1024x1024.jpg 1024w, https:\/\/www.fcstpauli-museum.de\/kwdfi\/wp-content\/uploads\/sites\/24\/2021\/06\/SAH_1164Q-1-150x150.jpg 150w, https:\/\/www.fcstpauli-museum.de\/kwdfi\/wp-content\/uploads\/sites\/24\/2021\/06\/SAH_1164Q-1-768x768.jpg 768w, https:\/\/www.fcstpauli-museum.de\/kwdfi\/wp-content\/uploads\/sites\/24\/2021\/06\/SAH_1164Q-1-1536x1536.jpg 1536w, https:\/\/www.fcstpauli-museum.de\/kwdfi\/wp-content\/uploads\/sites\/24\/2021\/06\/SAH_1164Q-1-2048x2048.jpg 2048w\" sizes=\"auto, (max-width: 2240px) 100vw, 2240px\" \/>        <\/a>\n    \n        <\/div>\n    <!-- \/image-wrap -->\n    \n        <\/div>\n<!-- \/module image --><!-- module text -->\n<div  class=\"module module-text tb_r0u8407   \" data-lazy=\"1\">\n        <div  class=\"tb_text_wrap\">\n        <h4>Gleich bestellen: je Flasche 16,50 Euro (0,75L) | je Glas 4 Euro (0,15L)<\/h4>    <\/div>\n<\/div>\n<!-- \/module text -->        <\/div>\n                        <\/div>\n        <\/div>\n                        <div  data-lazy=\"1\" class=\"module_row themify_builder_row tb_ntq5906 tf_w\">\n                        <div class=\"row_inner col_align_middle tb_col_count_2 tf_box tf_rel\">\n                        <div  data-lazy=\"1\" class=\"module_column tb-column col4-2 tb_3b2n915 first\">\n                    <!-- module text -->\n<div  class=\"module module-text tb_ob4h916  repeat \" data-lazy=\"1\">\n        <div  class=\"tb_text_wrap\">\n        <h2>Van Volxem Saar Riesling 2015\u00a0<\/h2>\n<p>Die zweite Ausgabe unserer limitierten Editionen &#8211; nach der Magnum-Buddel Shiraz der s\u00fcdafrikanischen FCSP-Fans Muratie\/Stellenbosch geht es zum Riesling nach Deutschland.\u00a0<\/p>\n<p>\u00dcber das Weingut Van Volxem muss man nicht mehr viel sagen \u2013 eines der absoluten Spitzen-Weing\u00fcter f\u00fcr Riesling in Deutschland. \u00a0In der Weinbar werden die Van Volxem-Weine bereits von Anfang an ausgeschenkt. 2020 h\u00e4tte das Weingut erstmals auch an unserem Weinfest gegen Rassimus teilgenommen. Weil Inhaber Roman Niewodniczaski ein gro\u00dfer Fan unseres Projektes ist, d\u00fcrfen wir Euch aktuell einen seiner Rieslinge in idealer Reifung &#8211; aber auch noch weiteren Jahren Lagerf\u00e4higkeit &#8211; pr\u00e4sentieren.<\/p>\n<p>Geerntet wurde der Riesling von mindestens 30 Jahre alten Reben an Schiefsteillagen in selektiver Handlese nach vorherigen Ertragsreduzierung. Spontan vergoren und mit langer Reifezeit im Stahltank.<\/p>    <\/div>\n<\/div>\n<!-- \/module text -->        <\/div>\n                    <div  data-lazy=\"1\" class=\"module_column tb-column col4-2 tb_ix0m919 last\">\n                    <!-- module image -->\n<div  class=\"module module-image tb_zamj919 image-top   auto_fullwidth tf_mw\" data-lazy=\"1\" data-lax-translate-y=\"(vh*1) 0,(vh*0) -70\" data-lax=\"true\">\n        <div class=\"image-wrap tf_rel tf_mw\">\n            <img loading=\"lazy\" decoding=\"async\" src=\"https:\/\/www.fcstpauli-museum.de\/kwdf\/wp-content\/uploads\/sites\/22\/2021\/05\/SAH_5695-scaled.jpg\" width=\"560\" height=\"1704\" title=\"Heimspiel-Weinbar\" alt=\"Heimspiel-Weinbar\">    \n        <\/div>\n    <!-- \/image-wrap -->\n    \n        <\/div>\n<!-- \/module image --><!-- module text -->\n<div  class=\"module module-text tb_2rzk920   \" data-lazy=\"1\">\n        <div  class=\"tb_text_wrap\">\n        <h4>Neugierig geworden? Gleich hier trinken &amp; genie\u00dfen: Flasche 24 Euro<\/h4>    <\/div>\n<\/div>\n<!-- \/module text -->        <\/div>\n                        <\/div>\n        <\/div>\n                        <div  data-lazy=\"1\" class=\"module_row themify_builder_row tb_ncwy133 tf_w\">\n                        <div class=\"row_inner col_align_middle tb_col_count_2 tf_box tf_rel\">\n                        <div  data-lazy=\"1\" class=\"module_column tb-column col4-2 tb_cdko134 first\">\n                    <!-- module text -->\n<div  class=\"module module-text tb_pdzf135  repeat \" data-lazy=\"1\">\n        <div  class=\"tb_text_wrap\">\n        <h1 class=\"product-single__title\">KWdF C\u00f4te du Rh\u00f4ne Ros\u00e9 | Domaine Boisson<\/h1>\n<p>Dieser s\u00fcdfranz\u00f6sische Ros\u00e9 begeistert nicht nur durch seine lebhafte Farbe mit blassrosa Reflexen, sondern auch durch seinen besonders ausgewogenen und feinen Geschmack. Letzterer entsteht durch die Kombination von sechs perfekt aufeinander abgestimmten Rebsorten. Aromen von Mango und Waldfr\u00fcchten machen den Wein von der Rh\u00f4ne zum perfekten Sommerwein.<\/p>\n<p>Antifaschistische \u00dcberzeugungen haben in Bruno Boissons Familie eine lange Tradition. Bereits der Gro\u00dfvater des s\u00fcdfranz\u00f6sischen Winzers k\u00e4mpfte in der Resistance gegen die deutschen Besatzungstruppen. Nach dem Krieg und seiner Zeit im Widerstand kaufte Ren\u00e9 Boisson einen kleinen Hof und wurde zum Weinbauern. Heute leitet der Enkel das Weingut und l\u00e4sst die Werte und Ideale des Gr\u00fcnders weiterleben. Bruno Boisson ist gl\u00fchender FC St. Pauli Fan, gerne zu Besuch am Millerntor und begeisterter KEIN WEIN DEN FASCHISTEN Supporter. Die Domaine Boisson hat sich in den letzten Jahren vom Geheimtipp zu einem richtigen Spitzen-Weingut entwickelt, das inzwischen auch Bio-zertifiziert ist. Moderne Methoden treffen auf traditionelle, vom Terroir gepr\u00e4gte Weine. Auf den Einsatz von Neuholz wird verzichtet.<\/p>    <\/div>\n<\/div>\n<!-- \/module text -->        <\/div>\n                    <div  data-lazy=\"1\" class=\"module_column tb-column col4-2 tb_aj6x135 last\">\n                    <!-- module image -->\n<div  class=\"module module-image tb_up7h135 image-top   auto_fullwidth tf_mw\" data-lazy=\"1\" data-lax-translate-y=\"(vh*1) 0,(vh*0) -70\" data-lax=\"true\">\n        <div class=\"image-wrap tf_rel tf_mw\">\n            <img loading=\"lazy\" decoding=\"async\" src=\"https:\/\/www.fcstpauli-museum.de\/kwdfi\/wp-content\/uploads\/sites\/24\/2021\/06\/SAH_0982-1024x682-560x372.jpg\" width=\"560\" height=\"372\" class=\"wp-post-image wp-image-79\" title=\"SAH_0982\" alt=\"Flasche KWdF Ros\u00e9 2 Gl\u00e4ser\" srcset=\"https:\/\/www.fcstpauli-museum.de\/kwdfi\/wp-content\/uploads\/sites\/24\/2021\/06\/SAH_0982-1024x682-560x372.jpg 560w, https:\/\/www.fcstpauli-museum.de\/kwdfi\/wp-content\/uploads\/sites\/24\/2021\/06\/SAH_0982-300x200.jpg 300w, https:\/\/www.fcstpauli-museum.de\/kwdfi\/wp-content\/uploads\/sites\/24\/2021\/06\/SAH_0982-1024x682.jpg 1024w, https:\/\/www.fcstpauli-museum.de\/kwdfi\/wp-content\/uploads\/sites\/24\/2021\/06\/SAH_0982-768x511.jpg 768w, https:\/\/www.fcstpauli-museum.de\/kwdfi\/wp-content\/uploads\/sites\/24\/2021\/06\/SAH_0982-1536x1022.jpg 1536w, https:\/\/www.fcstpauli-museum.de\/kwdfi\/wp-content\/uploads\/sites\/24\/2021\/06\/SAH_0982-2048x1363.jpg 2048w\" sizes=\"auto, (max-width: 560px) 100vw, 560px\" \/>    \n        <\/div>\n    <!-- \/image-wrap -->\n    \n        <\/div>\n<!-- \/module image --><!-- module text -->\n<div  class=\"module module-text tb_otcn135   \" data-lazy=\"1\">\n        <div  class=\"tb_text_wrap\">\n        <h4 style=\"letter-spacing: -0.144px;\">Gleich bestellen: je Flasche 16,50 Euro (0,75L) | je Glas 4 Euro (0,15L)<\/h4>    <\/div>\n<\/div>\n<!-- \/module text --><!-- module image -->\n<div  class=\"module module-image tb_9mxx459 image-top   tf_mw\" data-lazy=\"1\">\n        <div class=\"image-wrap tf_rel tf_mw\">\n            <img loading=\"lazy\" decoding=\"async\" width=\"4032\" height=\"3024\" src=\"https:\/\/www.fcstpauli-museum.de\/kwdfi\/wp-content\/uploads\/sites\/24\/2021\/09\/2021-07-06-15.27.13.jpg\" class=\"wp-post-image wp-image-120\" title=\"2021-07-06 15.27.13\" alt=\"Winzer Bruno Boisson im KWdF-Shirt im Weinberg\">    \n        <\/div>\n    <!-- \/image-wrap -->\n    \n        <\/div>\n<!-- \/module image -->        <\/div>\n                        <\/div>\n        <\/div>\n                        <div  data-lazy=\"1\" class=\"module_row themify_builder_row tb_7wsn906 tf_w\">\n                        <div class=\"row_inner gutter-none col_align_top tb_col_count_1 tf_box tf_rel\">\n                        <div  data-lazy=\"1\" class=\"module_column tb-column col-full tb_q3g4910 first\">\n                    <!-- module text -->\n<div  class=\"module module-text tb_6rm2910  repeat \" data-lazy=\"1\">\n        <div  class=\"tb_text_wrap\">\n        <h1>Heimspiel Weinbar Informationen &amp; Getr\u00e4nke<\/h1>\n<p>Aus dem bekannten Slogan \u201eKein Fu\u00dfbreit den Faschisten\u201c machte die FC St. Pauli-Fanszene vor rund 20 Jahren \u201eKein Fu\u00dfball den Faschisten\u201c. Das ziert inzwischen un\u00fcbersehbar die Gegengeraden-Trib\u00fcne des Stadions. Zu \u201eKein Wein den Faschisten\u201c war es dann nur noch ein kleiner Schritt \u2013 wir pr\u00e4gten den Spruch im Rahmen unseres ersten \u201eWeinfest gegen Rassismus\u201c 2017. Er findet sich inzwischen auf den Weinen mit unserem eigenen Etikett, unseren Weingl\u00e4sern und wird jetzt durch weiteres Merchandise (T-Shirts, Sweater, Aufkleber, Taschen) erg\u00e4nzt. Auch das Weinfest ist gewachsen \u2013 2019 auf gut 1100 Besucher und 30 Weinst\u00e4nde.<\/p>\n<p>Dabei ist das Grundkonzept klar: <strong>alle \u00dcbersch\u00fcsse aus Aktivit\u00e4ten unter der politischen \u00dcberschrift KEIN WEIN DEN FASCHISTEN sollen auch politisch ausgerichtete Initiativen unterst\u00fctzen<\/strong>. Sowohl entsprechende Aktivit\u00e4ten innerhalb des FC St. Pauli-Museums, als auch andere Organisationen, die sich gegen Rassismus, Faschismus und f\u00fcr politische Bildung engagieren.<\/p>    <\/div>\n<\/div>\n<!-- \/module text -->        <\/div>\n                        <\/div>\n        <\/div>\n                        <div  data-lazy=\"1\" class=\"module_row themify_builder_row tb_73yb906 tf_w\">\n                        <div class=\"row_inner col_align_top tb_col_count_1 tf_box tf_rel\">\n                        <div  data-lazy=\"1\" class=\"module_column tb-column col-full tb_tvjw922 first\">\n                    <!-- module text -->\n<div  class=\"module module-text tb_gjgl923  repeat \" data-lazy=\"1\">\n        <div  class=\"tb_text_wrap\">\n        <h2>Merchandise gibt es im Webshop &#8211; und am Spieltag hoffentlich bald auch wieder am Museums-Container S\u00fcdkurve<\/h2>    <\/div>\n<\/div>\n<!-- \/module text -->        <\/div>\n                        <\/div>\n        <\/div>\n        <\/div>\n<!--\/themify_builder_content-->","protected":false},"excerpt":{"rendered":"<p>Getr\u00e4nkeliste Wein &amp; Drinks &amp; Soft Unsere Weine, offen oder als Flaschenwein, Aperol Spritz, Gin Tonic, Astra, Softdrinks &#8211; Ihr habt die Wahl! Neue Website ist online! Alle Infos zum [&hellip;]<\/p>\n","protected":false},"author":1,"featured_media":0,"parent":0,"menu_order":0,"comment_status":"closed","ping_status":"closed","template":"","meta":{"_acf_changed":false,"footnotes":""},"class_list":["post-111","page","type-page","status-publish","hentry","has-post-title","has-post-date","has-post-category","has-post-tag","has-post-comment","has-post-author",""],"acf":[],"yoast_head":"<!-- This site is optimized with the Yoast SEO plugin v26.6 - https:\/\/yoast.com\/wordpress\/plugins\/seo\/ -->\n<title>Heimspiel-Weinbar - KEIN WEIN DEN FASCHISTEN<\/title>\n<meta name=\"robots\" content=\"index, follow, max-snippet:-1, max-image-preview:large, max-video-preview:-1\" \/>\n<link rel=\"canonical\" href=\"https:\/\/www.fcstpauli-museum.de\/kwdfi\/heimspiel\/\" \/>\n<meta property=\"og:locale\" content=\"de_DE\" \/>\n<meta property=\"og:type\" content=\"article\" \/>\n<meta property=\"og:title\" content=\"Heimspiel-Weinbar - KEIN WEIN DEN FASCHISTEN\" \/>\n<meta property=\"og:description\" content=\"Getr\u00e4nkeliste Wein &amp; Drinks &amp; Soft Unsere Weine, offen oder als Flaschenwein, Aperol Spritz, Gin Tonic, Astra, Softdrinks &#8211; Ihr habt die Wahl! Neue Website ist online! Alle Infos zum [&hellip;]\" \/>\n<meta property=\"og:url\" content=\"https:\/\/www.fcstpauli-museum.de\/kwdfi\/heimspiel\/\" \/>\n<meta property=\"og:site_name\" content=\"KEIN WEIN DEN FASCHISTEN\" \/>\n<meta property=\"article:modified_time\" content=\"2021-09-19T09:13:38+00:00\" \/>\n<meta property=\"og:image\" content=\"https:\/\/www.fcstpauli-museum.de\/kwdf\/wp-content\/uploads\/sites\/22\/2021\/06\/Photo-05.06.21-16-14-47-scaled.jpg\" \/>\n<meta name=\"twitter:card\" content=\"summary_large_image\" \/>\n<meta name=\"twitter:label1\" content=\"Gesch\u00e4tzte Lesezeit\" \/>\n\t<meta name=\"twitter:data1\" content=\"4\u00a0Minuten\" \/>\n<script type=\"application\/ld+json\" class=\"yoast-schema-graph\">{\"@context\":\"https:\/\/schema.org\",\"@graph\":[{\"@type\":\"WebPage\",\"@id\":\"https:\/\/www.fcstpauli-museum.de\/kwdfi\/heimspiel\/\",\"url\":\"https:\/\/www.fcstpauli-museum.de\/kwdfi\/heimspiel\/\",\"name\":\"Heimspiel-Weinbar - KEIN WEIN DEN FASCHISTEN\",\"isPartOf\":{\"@id\":\"https:\/\/www.fcstpauli-museum.de\/kwdfi\/#website\"},\"primaryImageOfPage\":{\"@id\":\"https:\/\/www.fcstpauli-museum.de\/kwdfi\/heimspiel\/#primaryimage\"},\"image\":{\"@id\":\"https:\/\/www.fcstpauli-museum.de\/kwdfi\/heimspiel\/#primaryimage\"},\"thumbnailUrl\":\"https:\/\/www.fcstpauli-museum.de\/kwdf\/wp-content\/uploads\/sites\/22\/2021\/06\/Photo-05.06.21-16-14-47-scaled.jpg\",\"datePublished\":\"2021-09-10T08:08:28+00:00\",\"dateModified\":\"2021-09-19T09:13:38+00:00\",\"breadcrumb\":{\"@id\":\"https:\/\/www.fcstpauli-museum.de\/kwdfi\/heimspiel\/#breadcrumb\"},\"inLanguage\":\"de\",\"potentialAction\":[{\"@type\":\"ReadAction\",\"target\":[\"https:\/\/www.fcstpauli-museum.de\/kwdfi\/heimspiel\/\"]}]},{\"@type\":\"ImageObject\",\"inLanguage\":\"de\",\"@id\":\"https:\/\/www.fcstpauli-museum.de\/kwdfi\/heimspiel\/#primaryimage\",\"url\":\"https:\/\/www.fcstpauli-museum.de\/kwdf\/wp-content\/uploads\/sites\/22\/2021\/06\/Photo-05.06.21-16-14-47-scaled.jpg\",\"contentUrl\":\"https:\/\/www.fcstpauli-museum.de\/kwdf\/wp-content\/uploads\/sites\/22\/2021\/06\/Photo-05.06.21-16-14-47-scaled.jpg\"},{\"@type\":\"BreadcrumbList\",\"@id\":\"https:\/\/www.fcstpauli-museum.de\/kwdfi\/heimspiel\/#breadcrumb\",\"itemListElement\":[{\"@type\":\"ListItem\",\"position\":1,\"name\":\"Start\",\"item\":\"https:\/\/www.fcstpauli-museum.de\/kwdfi\/\"},{\"@type\":\"ListItem\",\"position\":2,\"name\":\"Heimspiel-Weinbar\"}]},{\"@type\":\"WebSite\",\"@id\":\"https:\/\/www.fcstpauli-museum.de\/kwdfi\/#website\",\"url\":\"https:\/\/www.fcstpauli-museum.de\/kwdfi\/\",\"name\":\"KEIN WEIN DEN FASCHISTEN\",\"description\":\"Eine weitere Blog 1910 Museum f\u00fcr den FC St. Pauli e.V. Sites Website\",\"potentialAction\":[{\"@type\":\"SearchAction\",\"target\":{\"@type\":\"EntryPoint\",\"urlTemplate\":\"https:\/\/www.fcstpauli-museum.de\/kwdfi\/?s={search_term_string}\"},\"query-input\":{\"@type\":\"PropertyValueSpecification\",\"valueRequired\":true,\"valueName\":\"search_term_string\"}}],\"inLanguage\":\"de\"}]}<\/script>\n<!-- \/ Yoast SEO plugin. -->","yoast_head_json":{"title":"Heimspiel-Weinbar - KEIN WEIN DEN FASCHISTEN","robots":{"index":"index","follow":"follow","max-snippet":"max-snippet:-1","max-image-preview":"max-image-preview:large","max-video-preview":"max-video-preview:-1"},"canonical":"https:\/\/www.fcstpauli-museum.de\/kwdfi\/heimspiel\/","og_locale":"de_DE","og_type":"article","og_title":"Heimspiel-Weinbar - KEIN WEIN DEN FASCHISTEN","og_description":"Getr\u00e4nkeliste Wein &amp; Drinks &amp; Soft Unsere Weine, offen oder als Flaschenwein, Aperol Spritz, Gin Tonic, Astra, Softdrinks &#8211; Ihr habt die Wahl! Neue Website ist online! Alle Infos zum [&hellip;]","og_url":"https:\/\/www.fcstpauli-museum.de\/kwdfi\/heimspiel\/","og_site_name":"KEIN WEIN DEN FASCHISTEN","article_modified_time":"2021-09-19T09:13:38+00:00","og_image":[{"url":"https:\/\/www.fcstpauli-museum.de\/kwdf\/wp-content\/uploads\/sites\/22\/2021\/06\/Photo-05.06.21-16-14-47-scaled.jpg","type":"","width":"","height":""}],"twitter_card":"summary_large_image","twitter_misc":{"Gesch\u00e4tzte Lesezeit":"4\u00a0Minuten"},"schema":{"@context":"https:\/\/schema.org","@graph":[{"@type":"WebPage","@id":"https:\/\/www.fcstpauli-museum.de\/kwdfi\/heimspiel\/","url":"https:\/\/www.fcstpauli-museum.de\/kwdfi\/heimspiel\/","name":"Heimspiel-Weinbar - KEIN WEIN DEN FASCHISTEN","isPartOf":{"@id":"https:\/\/www.fcstpauli-museum.de\/kwdfi\/#website"},"primaryImageOfPage":{"@id":"https:\/\/www.fcstpauli-museum.de\/kwdfi\/heimspiel\/#primaryimage"},"image":{"@id":"https:\/\/www.fcstpauli-museum.de\/kwdfi\/heimspiel\/#primaryimage"},"thumbnailUrl":"https:\/\/www.fcstpauli-museum.de\/kwdf\/wp-content\/uploads\/sites\/22\/2021\/06\/Photo-05.06.21-16-14-47-scaled.jpg","datePublished":"2021-09-10T08:08:28+00:00","dateModified":"2021-09-19T09:13:38+00:00","breadcrumb":{"@id":"https:\/\/www.fcstpauli-museum.de\/kwdfi\/heimspiel\/#breadcrumb"},"inLanguage":"de","potentialAction":[{"@type":"ReadAction","target":["https:\/\/www.fcstpauli-museum.de\/kwdfi\/heimspiel\/"]}]},{"@type":"ImageObject","inLanguage":"de","@id":"https:\/\/www.fcstpauli-museum.de\/kwdfi\/heimspiel\/#primaryimage","url":"https:\/\/www.fcstpauli-museum.de\/kwdf\/wp-content\/uploads\/sites\/22\/2021\/06\/Photo-05.06.21-16-14-47-scaled.jpg","contentUrl":"https:\/\/www.fcstpauli-museum.de\/kwdf\/wp-content\/uploads\/sites\/22\/2021\/06\/Photo-05.06.21-16-14-47-scaled.jpg"},{"@type":"BreadcrumbList","@id":"https:\/\/www.fcstpauli-museum.de\/kwdfi\/heimspiel\/#breadcrumb","itemListElement":[{"@type":"ListItem","position":1,"name":"Start","item":"https:\/\/www.fcstpauli-museum.de\/kwdfi\/"},{"@type":"ListItem","position":2,"name":"Heimspiel-Weinbar"}]},{"@type":"WebSite","@id":"https:\/\/www.fcstpauli-museum.de\/kwdfi\/#website","url":"https:\/\/www.fcstpauli-museum.de\/kwdfi\/","name":"KEIN WEIN DEN FASCHISTEN","description":"Eine weitere Blog 1910 Museum f\u00fcr den FC St. Pauli e.V. Sites Website","potentialAction":[{"@type":"SearchAction","target":{"@type":"EntryPoint","urlTemplate":"https:\/\/www.fcstpauli-museum.de\/kwdfi\/?s={search_term_string}"},"query-input":{"@type":"PropertyValueSpecification","valueRequired":true,"valueName":"search_term_string"}}],"inLanguage":"de"}]}},"_links":{"self":[{"href":"https:\/\/www.fcstpauli-museum.de\/kwdfi\/wp-json\/wp\/v2\/pages\/111","targetHints":{"allow":["GET"]}}],"collection":[{"href":"https:\/\/www.fcstpauli-museum.de\/kwdfi\/wp-json\/wp\/v2\/pages"}],"about":[{"href":"https:\/\/www.fcstpauli-museum.de\/kwdfi\/wp-json\/wp\/v2\/types\/page"}],"author":[{"embeddable":true,"href":"https:\/\/www.fcstpauli-museum.de\/kwdfi\/wp-json\/wp\/v2\/users\/1"}],"replies":[{"embeddable":true,"href":"https:\/\/www.fcstpauli-museum.de\/kwdfi\/wp-json\/wp\/v2\/comments?post=111"}],"version-history":[{"count":11,"href":"https:\/\/www.fcstpauli-museum.de\/kwdfi\/wp-json\/wp\/v2\/pages\/111\/revisions"}],"predecessor-version":[{"id":125,"href":"https:\/\/www.fcstpauli-museum.de\/kwdfi\/wp-json\/wp\/v2\/pages\/111\/revisions\/125"}],"wp:attachment":[{"href":"https:\/\/www.fcstpauli-museum.de\/kwdfi\/wp-json\/wp\/v2\/media?parent=111"}],"curies":[{"name":"wp","href":"https:\/\/api.w.org\/{rel}","templated":true}]}}