{"id":2,"date":"2021-06-11T20:19:55","date_gmt":"2021-06-11T18:19:55","guid":{"rendered":"https:\/\/www.fcstpauli-museum.de\/kwdfi\/?page_id=2"},"modified":"2021-06-11T20:19:55","modified_gmt":"2021-06-11T18:19:55","slug":"beispiel-seite","status":"publish","type":"page","link":"https:\/\/www.fcstpauli-museum.de\/kwdfi\/beispiel-seite\/","title":{"rendered":"Beispiel-Seite"},"content":{"rendered":"\n<p>Dies ist eine Beispiel-Seite. Sie unterscheidet sich von Beitr\u00e4gen, da sie stets an derselben Stelle bleibt und (bei den meisten Themes) in der Website-Navigation angezeigt wird. Die meisten starten mit einem Impressum, der Datenschutzerkl\u00e4rung oder einer \u201e\u00dcber&nbsp;uns\u201c-Seite, um sich potenziellen Besuchern der Website vorzustellen. Dort k\u00f6nnte zum Beispiel stehen:<\/p>\n\n\n\n<blockquote class=\"wp-block-quote is-layout-flow wp-block-quote-is-layout-flow\"><p>Hallo! Tags\u00fcber arbeite ich als Fahrradkurier, nachts bin ich ein aufstrebender Schauspieler und dies hier ist meine Website. Ich lebe in Berlin, habe einen gro\u00dfen Hund namens Jack, mag Pi&#241;a Coladas, jedoch weniger (ohne Schirm) im Regen stehen gelassen zu werden.<\/p><\/blockquote>\n\n\n\n<p>&#8230;oder so etwas wie das hier:<\/p>\n\n\n\n<blockquote class=\"wp-block-quote is-layout-flow wp-block-quote-is-layout-flow\"><p>Das Unternehmen XYZ wurde 1971 gegr\u00fcndet und versorgt die \u00d6ffentlichkeit seither mit qualitativ hochwertigen Produkten. An seinem Standort in einer kleinen Gro\u00dfstadt besch\u00e4ftigt der Betrieb \u00fcber 2.000 Menschen und unterst\u00fctzt die Stadtbewohner in vielfacher Hinsicht.<\/p><\/blockquote>\n\n\n\n<p>Als neuer WordPress-Benutzer solltest du <a href=\"https:\/\/www.fcstpauli-museum.de\/kwdfi\/wp-admin\/\">dein Dashboard<\/a> aufrufen, um diese Seite zu l\u00f6schen und neue Seiten und Beitr\u00e4ge f\u00fcr deine Website erstellen. Viel Spa\u00df!<\/p>\n","protected":false},"excerpt":{"rendered":"<p>Dies ist eine Beispiel-Seite. Sie unterscheidet sich von Beitr\u00e4gen, da sie stets an derselben Stelle bleibt und (bei den meisten Themes) in der Website-Navigation angezeigt wird. Die meisten starten mit [&hellip;]<\/p>\n","protected":false},"author":3,"featured_media":0,"parent":0,"menu_order":0,"comment_status":"closed","ping_status":"open","template":"","meta":{"_acf_changed":false,"footnotes":""},"class_list":["post-2","page","type-page","status-publish","hentry","has-post-title","has-post-date","has-post-category","has-post-tag","has-post-comment","has-post-author",""],"acf":[],"yoast_head":"<!-- This site is optimized with the Yoast SEO plugin v26.6 - https:\/\/yoast.com\/wordpress\/plugins\/seo\/ -->\n<title>Beispiel-Seite - KEIN WEIN DEN FASCHISTEN<\/title>\n<meta name=\"robots\" content=\"index, follow, max-snippet:-1, max-image-preview:large, max-video-preview:-1\" \/>\n<link rel=\"canonical\" href=\"https:\/\/www.fcstpauli-museum.de\/kwdfi\/beispiel-seite\/\" \/>\n<meta property=\"og:locale\" content=\"de_DE\" \/>\n<meta property=\"og:type\" content=\"article\" \/>\n<meta property=\"og:title\" content=\"Beispiel-Seite - KEIN WEIN DEN FASCHISTEN\" \/>\n<meta property=\"og:description\" content=\"Dies ist eine Beispiel-Seite. Sie unterscheidet sich von Beitr\u00e4gen, da sie stets an derselben Stelle bleibt und (bei den meisten Themes) in der Website-Navigation angezeigt wird. Die meisten starten mit [&hellip;]\" \/>\n<meta property=\"og:url\" content=\"https:\/\/www.fcstpauli-museum.de\/kwdfi\/beispiel-seite\/\" \/>\n<meta property=\"og:site_name\" content=\"KEIN WEIN DEN FASCHISTEN\" \/>\n<meta name=\"twitter:card\" content=\"summary_large_image\" \/>\n<meta name=\"twitter:label1\" content=\"Gesch\u00e4tzte Lesezeit\" \/>\n\t<meta name=\"twitter:data1\" content=\"1\u00a0Minute\" \/>\n<script type=\"application\/ld+json\" class=\"yoast-schema-graph\">{\"@context\":\"https:\/\/schema.org\",\"@graph\":[{\"@type\":\"WebPage\",\"@id\":\"https:\/\/www.fcstpauli-museum.de\/kwdfi\/beispiel-seite\/\",\"url\":\"https:\/\/www.fcstpauli-museum.de\/kwdfi\/beispiel-seite\/\",\"name\":\"Beispiel-Seite - KEIN WEIN DEN FASCHISTEN\",\"isPartOf\":{\"@id\":\"https:\/\/www.fcstpauli-museum.de\/kwdfi\/#website\"},\"datePublished\":\"2021-06-11T18:19:55+00:00\",\"breadcrumb\":{\"@id\":\"https:\/\/www.fcstpauli-museum.de\/kwdfi\/beispiel-seite\/#breadcrumb\"},\"inLanguage\":\"de\",\"potentialAction\":[{\"@type\":\"ReadAction\",\"target\":[\"https:\/\/www.fcstpauli-museum.de\/kwdfi\/beispiel-seite\/\"]}]},{\"@type\":\"BreadcrumbList\",\"@id\":\"https:\/\/www.fcstpauli-museum.de\/kwdfi\/beispiel-seite\/#breadcrumb\",\"itemListElement\":[{\"@type\":\"ListItem\",\"position\":1,\"name\":\"Start\",\"item\":\"https:\/\/www.fcstpauli-museum.de\/kwdfi\/\"},{\"@type\":\"ListItem\",\"position\":2,\"name\":\"Beispiel-Seite\"}]},{\"@type\":\"WebSite\",\"@id\":\"https:\/\/www.fcstpauli-museum.de\/kwdfi\/#website\",\"url\":\"https:\/\/www.fcstpauli-museum.de\/kwdfi\/\",\"name\":\"KEIN WEIN DEN FASCHISTEN\",\"description\":\"Eine weitere Blog 1910 Museum f\u00fcr den FC St. Pauli e.V. Sites Website\",\"potentialAction\":[{\"@type\":\"SearchAction\",\"target\":{\"@type\":\"EntryPoint\",\"urlTemplate\":\"https:\/\/www.fcstpauli-museum.de\/kwdfi\/?s={search_term_string}\"},\"query-input\":{\"@type\":\"PropertyValueSpecification\",\"valueRequired\":true,\"valueName\":\"search_term_string\"}}],\"inLanguage\":\"de\"}]}<\/script>\n<!-- \/ Yoast SEO plugin. -->","yoast_head_json":{"title":"Beispiel-Seite - KEIN WEIN DEN FASCHISTEN","robots":{"index":"index","follow":"follow","max-snippet":"max-snippet:-1","max-image-preview":"max-image-preview:large","max-video-preview":"max-video-preview:-1"},"canonical":"https:\/\/www.fcstpauli-museum.de\/kwdfi\/beispiel-seite\/","og_locale":"de_DE","og_type":"article","og_title":"Beispiel-Seite - KEIN WEIN DEN FASCHISTEN","og_description":"Dies ist eine Beispiel-Seite. Sie unterscheidet sich von Beitr\u00e4gen, da sie stets an derselben Stelle bleibt und (bei den meisten Themes) in der Website-Navigation angezeigt wird. Die meisten starten mit [&hellip;]","og_url":"https:\/\/www.fcstpauli-museum.de\/kwdfi\/beispiel-seite\/","og_site_name":"KEIN WEIN DEN FASCHISTEN","twitter_card":"summary_large_image","twitter_misc":{"Gesch\u00e4tzte Lesezeit":"1\u00a0Minute"},"schema":{"@context":"https:\/\/schema.org","@graph":[{"@type":"WebPage","@id":"https:\/\/www.fcstpauli-museum.de\/kwdfi\/beispiel-seite\/","url":"https:\/\/www.fcstpauli-museum.de\/kwdfi\/beispiel-seite\/","name":"Beispiel-Seite - KEIN WEIN DEN FASCHISTEN","isPartOf":{"@id":"https:\/\/www.fcstpauli-museum.de\/kwdfi\/#website"},"datePublished":"2021-06-11T18:19:55+00:00","breadcrumb":{"@id":"https:\/\/www.fcstpauli-museum.de\/kwdfi\/beispiel-seite\/#breadcrumb"},"inLanguage":"de","potentialAction":[{"@type":"ReadAction","target":["https:\/\/www.fcstpauli-museum.de\/kwdfi\/beispiel-seite\/"]}]},{"@type":"BreadcrumbList","@id":"https:\/\/www.fcstpauli-museum.de\/kwdfi\/beispiel-seite\/#breadcrumb","itemListElement":[{"@type":"ListItem","position":1,"name":"Start","item":"https:\/\/www.fcstpauli-museum.de\/kwdfi\/"},{"@type":"ListItem","position":2,"name":"Beispiel-Seite"}]},{"@type":"WebSite","@id":"https:\/\/www.fcstpauli-museum.de\/kwdfi\/#website","url":"https:\/\/www.fcstpauli-museum.de\/kwdfi\/","name":"KEIN WEIN DEN FASCHISTEN","description":"Eine weitere Blog 1910 Museum f\u00fcr den FC St. Pauli e.V. Sites Website","potentialAction":[{"@type":"SearchAction","target":{"@type":"EntryPoint","urlTemplate":"https:\/\/www.fcstpauli-museum.de\/kwdfi\/?s={search_term_string}"},"query-input":{"@type":"PropertyValueSpecification","valueRequired":true,"valueName":"search_term_string"}}],"inLanguage":"de"}]}},"_links":{"self":[{"href":"https:\/\/www.fcstpauli-museum.de\/kwdfi\/wp-json\/wp\/v2\/pages\/2","targetHints":{"allow":["GET"]}}],"collection":[{"href":"https:\/\/www.fcstpauli-museum.de\/kwdfi\/wp-json\/wp\/v2\/pages"}],"about":[{"href":"https:\/\/www.fcstpauli-museum.de\/kwdfi\/wp-json\/wp\/v2\/types\/page"}],"author":[{"embeddable":true,"href":"https:\/\/www.fcstpauli-museum.de\/kwdfi\/wp-json\/wp\/v2\/users\/3"}],"replies":[{"embeddable":true,"href":"https:\/\/www.fcstpauli-museum.de\/kwdfi\/wp-json\/wp\/v2\/comments?post=2"}],"version-history":[{"count":0,"href":"https:\/\/www.fcstpauli-museum.de\/kwdfi\/wp-json\/wp\/v2\/pages\/2\/revisions"}],"wp:attachment":[{"href":"https:\/\/www.fcstpauli-museum.de\/kwdfi\/wp-json\/wp\/v2\/media?parent=2"}],"curies":[{"name":"wp","href":"https:\/\/api.w.org\/{rel}","templated":true}]}}