{"id":225,"date":"2024-04-04T16:53:32","date_gmt":"2024-04-04T14:53:32","guid":{"rendered":"https:\/\/kwdf.info\/?page_id=225"},"modified":"2024-04-04T16:53:33","modified_gmt":"2024-04-04T14:53:33","slug":"s6","status":"publish","type":"page","link":"https:\/\/www.fcstpauli-museum.de\/kwdfi\/s6\/","title":{"rendered":"C\u00f4te du Rh\u00f4ne Ros\u00e9 | Domaine Boisson #2"},"content":{"rendered":"<!--themify_builder_static--><!--\/themify_builder_static--> ","protected":false},"excerpt":{"rendered":"<p>C\u00f4te du Rh\u00f4ne Ros\u00e9 | Domaine Boisson Dieser s\u00fcdfranz\u00f6sische Ros\u00e9 begeistert nicht nur durch seine lebhafte Farbe mit blassrosa Reflexen, sondern auch durch seinen besonders ausgewogenen und feinen Geschmack. Letzterer [&hellip;]<\/p>\n","protected":false},"author":1,"featured_media":0,"parent":0,"menu_order":0,"comment_status":"closed","ping_status":"closed","template":"","meta":{"_acf_changed":false,"footnotes":""},"class_list":["post-225","page","type-page","status-publish","hentry","has-post-title","has-post-date","has-post-category","has-post-tag","has-post-comment","has-post-author",""],"acf":[],"yoast_head":"<!-- This site is optimized with the Yoast SEO plugin v26.6 - https:\/\/yoast.com\/wordpress\/plugins\/seo\/ -->\n<title>C\u00f4te du Rh\u00f4ne Ros\u00e9 | Domaine Boisson #2 - KEIN WEIN DEN FASCHISTEN<\/title>\n<meta name=\"robots\" content=\"index, follow, max-snippet:-1, max-image-preview:large, max-video-preview:-1\" \/>\n<link rel=\"canonical\" href=\"https:\/\/www.fcstpauli-museum.de\/kwdfi\/s6\/\" \/>\n<meta property=\"og:locale\" content=\"de_DE\" \/>\n<meta property=\"og:type\" content=\"article\" \/>\n<meta property=\"og:title\" content=\"C\u00f4te du Rh\u00f4ne Ros\u00e9 | Domaine Boisson #2 - KEIN WEIN DEN FASCHISTEN\" \/>\n<meta property=\"og:description\" content=\"C\u00f4te du Rh\u00f4ne Ros\u00e9 | Domaine Boisson Dieser s\u00fcdfranz\u00f6sische Ros\u00e9 begeistert nicht nur durch seine lebhafte Farbe mit blassrosa Reflexen, sondern auch durch seinen besonders ausgewogenen und feinen Geschmack. Letzterer [&hellip;]\" \/>\n<meta property=\"og:url\" content=\"https:\/\/www.fcstpauli-museum.de\/kwdfi\/s6\/\" \/>\n<meta property=\"og:site_name\" content=\"KEIN WEIN DEN FASCHISTEN\" \/>\n<meta property=\"article:modified_time\" content=\"2024-04-04T14:53:33+00:00\" \/>\n<meta property=\"og:image\" content=\"https:\/\/www.fcstpauli-museum.de\/kwdfi\/wp-content\/uploads\/sites\/24\/2021\/06\/SAH_0982-scaled.jpg\" \/>\n<meta name=\"twitter:card\" content=\"summary_large_image\" \/>\n<meta name=\"twitter:label1\" content=\"Gesch\u00e4tzte Lesezeit\" \/>\n\t<meta name=\"twitter:data1\" content=\"2\u00a0Minuten\" \/>\n<script type=\"application\/ld+json\" class=\"yoast-schema-graph\">{\"@context\":\"https:\/\/schema.org\",\"@graph\":[{\"@type\":\"WebPage\",\"@id\":\"https:\/\/www.fcstpauli-museum.de\/kwdfi\/s6\/\",\"url\":\"https:\/\/www.fcstpauli-museum.de\/kwdfi\/s6\/\",\"name\":\"C\u00f4te du Rh\u00f4ne Ros\u00e9 | Domaine Boisson #2 - KEIN WEIN DEN FASCHISTEN\",\"isPartOf\":{\"@id\":\"https:\/\/www.fcstpauli-museum.de\/kwdfi\/#website\"},\"primaryImageOfPage\":{\"@id\":\"https:\/\/www.fcstpauli-museum.de\/kwdfi\/s6\/#primaryimage\"},\"image\":{\"@id\":\"https:\/\/www.fcstpauli-museum.de\/kwdfi\/s6\/#primaryimage\"},\"thumbnailUrl\":\"https:\/\/www.fcstpauli-museum.de\/kwdfi\/wp-content\/uploads\/sites\/24\/2021\/06\/SAH_0982-scaled.jpg\",\"datePublished\":\"2024-04-04T14:53:32+00:00\",\"dateModified\":\"2024-04-04T14:53:33+00:00\",\"breadcrumb\":{\"@id\":\"https:\/\/www.fcstpauli-museum.de\/kwdfi\/s6\/#breadcrumb\"},\"inLanguage\":\"de\",\"potentialAction\":[{\"@type\":\"ReadAction\",\"target\":[\"https:\/\/www.fcstpauli-museum.de\/kwdfi\/s6\/\"]}]},{\"@type\":\"ImageObject\",\"inLanguage\":\"de\",\"@id\":\"https:\/\/www.fcstpauli-museum.de\/kwdfi\/s6\/#primaryimage\",\"url\":\"https:\/\/www.fcstpauli-museum.de\/kwdfi\/wp-content\/uploads\/sites\/24\/2021\/06\/SAH_0982-scaled.jpg\",\"contentUrl\":\"https:\/\/www.fcstpauli-museum.de\/kwdfi\/wp-content\/uploads\/sites\/24\/2021\/06\/SAH_0982-scaled.jpg\",\"width\":2560,\"height\":1704,\"caption\":\"Flasche KWdF Ros\u00e9 2 Gl\u00e4ser\"},{\"@type\":\"BreadcrumbList\",\"@id\":\"https:\/\/www.fcstpauli-museum.de\/kwdfi\/s6\/#breadcrumb\",\"itemListElement\":[{\"@type\":\"ListItem\",\"position\":1,\"name\":\"Start\",\"item\":\"https:\/\/www.fcstpauli-museum.de\/kwdfi\/\"},{\"@type\":\"ListItem\",\"position\":2,\"name\":\"C\u00f4te du Rh\u00f4ne Ros\u00e9 | Domaine Boisson #2\"}]},{\"@type\":\"WebSite\",\"@id\":\"https:\/\/www.fcstpauli-museum.de\/kwdfi\/#website\",\"url\":\"https:\/\/www.fcstpauli-museum.de\/kwdfi\/\",\"name\":\"KEIN WEIN DEN FASCHISTEN\",\"description\":\"Eine weitere Blog 1910 Museum f\u00fcr den FC St. Pauli e.V. Sites Website\",\"potentialAction\":[{\"@type\":\"SearchAction\",\"target\":{\"@type\":\"EntryPoint\",\"urlTemplate\":\"https:\/\/www.fcstpauli-museum.de\/kwdfi\/?s={search_term_string}\"},\"query-input\":{\"@type\":\"PropertyValueSpecification\",\"valueRequired\":true,\"valueName\":\"search_term_string\"}}],\"inLanguage\":\"de\"}]}<\/script>\n<!-- \/ Yoast SEO plugin. -->","yoast_head_json":{"title":"C\u00f4te du Rh\u00f4ne Ros\u00e9 | Domaine Boisson #2 - KEIN WEIN DEN FASCHISTEN","robots":{"index":"index","follow":"follow","max-snippet":"max-snippet:-1","max-image-preview":"max-image-preview:large","max-video-preview":"max-video-preview:-1"},"canonical":"https:\/\/www.fcstpauli-museum.de\/kwdfi\/s6\/","og_locale":"de_DE","og_type":"article","og_title":"C\u00f4te du Rh\u00f4ne Ros\u00e9 | Domaine Boisson #2 - KEIN WEIN DEN FASCHISTEN","og_description":"C\u00f4te du Rh\u00f4ne Ros\u00e9 | Domaine Boisson Dieser s\u00fcdfranz\u00f6sische Ros\u00e9 begeistert nicht nur durch seine lebhafte Farbe mit blassrosa Reflexen, sondern auch durch seinen besonders ausgewogenen und feinen Geschmack. Letzterer [&hellip;]","og_url":"https:\/\/www.fcstpauli-museum.de\/kwdfi\/s6\/","og_site_name":"KEIN WEIN DEN FASCHISTEN","article_modified_time":"2024-04-04T14:53:33+00:00","og_image":[{"url":"https:\/\/www.fcstpauli-museum.de\/kwdfi\/wp-content\/uploads\/sites\/24\/2021\/06\/SAH_0982-scaled.jpg","type":"","width":"","height":""}],"twitter_card":"summary_large_image","twitter_misc":{"Gesch\u00e4tzte Lesezeit":"2\u00a0Minuten"},"schema":{"@context":"https:\/\/schema.org","@graph":[{"@type":"WebPage","@id":"https:\/\/www.fcstpauli-museum.de\/kwdfi\/s6\/","url":"https:\/\/www.fcstpauli-museum.de\/kwdfi\/s6\/","name":"C\u00f4te du Rh\u00f4ne Ros\u00e9 | Domaine Boisson #2 - KEIN WEIN DEN FASCHISTEN","isPartOf":{"@id":"https:\/\/www.fcstpauli-museum.de\/kwdfi\/#website"},"primaryImageOfPage":{"@id":"https:\/\/www.fcstpauli-museum.de\/kwdfi\/s6\/#primaryimage"},"image":{"@id":"https:\/\/www.fcstpauli-museum.de\/kwdfi\/s6\/#primaryimage"},"thumbnailUrl":"https:\/\/www.fcstpauli-museum.de\/kwdfi\/wp-content\/uploads\/sites\/24\/2021\/06\/SAH_0982-scaled.jpg","datePublished":"2024-04-04T14:53:32+00:00","dateModified":"2024-04-04T14:53:33+00:00","breadcrumb":{"@id":"https:\/\/www.fcstpauli-museum.de\/kwdfi\/s6\/#breadcrumb"},"inLanguage":"de","potentialAction":[{"@type":"ReadAction","target":["https:\/\/www.fcstpauli-museum.de\/kwdfi\/s6\/"]}]},{"@type":"ImageObject","inLanguage":"de","@id":"https:\/\/www.fcstpauli-museum.de\/kwdfi\/s6\/#primaryimage","url":"https:\/\/www.fcstpauli-museum.de\/kwdfi\/wp-content\/uploads\/sites\/24\/2021\/06\/SAH_0982-scaled.jpg","contentUrl":"https:\/\/www.fcstpauli-museum.de\/kwdfi\/wp-content\/uploads\/sites\/24\/2021\/06\/SAH_0982-scaled.jpg","width":2560,"height":1704,"caption":"Flasche KWdF Ros\u00e9 2 Gl\u00e4ser"},{"@type":"BreadcrumbList","@id":"https:\/\/www.fcstpauli-museum.de\/kwdfi\/s6\/#breadcrumb","itemListElement":[{"@type":"ListItem","position":1,"name":"Start","item":"https:\/\/www.fcstpauli-museum.de\/kwdfi\/"},{"@type":"ListItem","position":2,"name":"C\u00f4te du Rh\u00f4ne Ros\u00e9 | Domaine Boisson #2"}]},{"@type":"WebSite","@id":"https:\/\/www.fcstpauli-museum.de\/kwdfi\/#website","url":"https:\/\/www.fcstpauli-museum.de\/kwdfi\/","name":"KEIN WEIN DEN FASCHISTEN","description":"Eine weitere Blog 1910 Museum f\u00fcr den FC St. Pauli e.V. Sites Website","potentialAction":[{"@type":"SearchAction","target":{"@type":"EntryPoint","urlTemplate":"https:\/\/www.fcstpauli-museum.de\/kwdfi\/?s={search_term_string}"},"query-input":{"@type":"PropertyValueSpecification","valueRequired":true,"valueName":"search_term_string"}}],"inLanguage":"de"}]}},"_links":{"self":[{"href":"https:\/\/www.fcstpauli-museum.de\/kwdfi\/wp-json\/wp\/v2\/pages\/225","targetHints":{"allow":["GET"]}}],"collection":[{"href":"https:\/\/www.fcstpauli-museum.de\/kwdfi\/wp-json\/wp\/v2\/pages"}],"about":[{"href":"https:\/\/www.fcstpauli-museum.de\/kwdfi\/wp-json\/wp\/v2\/types\/page"}],"author":[{"embeddable":true,"href":"https:\/\/www.fcstpauli-museum.de\/kwdfi\/wp-json\/wp\/v2\/users\/1"}],"replies":[{"embeddable":true,"href":"https:\/\/www.fcstpauli-museum.de\/kwdfi\/wp-json\/wp\/v2\/comments?post=225"}],"version-history":[{"count":1,"href":"https:\/\/www.fcstpauli-museum.de\/kwdfi\/wp-json\/wp\/v2\/pages\/225\/revisions"}],"predecessor-version":[{"id":226,"href":"https:\/\/www.fcstpauli-museum.de\/kwdfi\/wp-json\/wp\/v2\/pages\/225\/revisions\/226"}],"wp:attachment":[{"href":"https:\/\/www.fcstpauli-museum.de\/kwdfi\/wp-json\/wp\/v2\/media?parent=225"}],"curies":[{"name":"wp","href":"https:\/\/api.w.org\/{rel}","templated":true}]}}